{"id":5,"date":"2012-03-12T15:15:50","date_gmt":"2012-03-12T15:15:50","guid":{"rendered":"http:\/\/staehle-international.de\/agentur\/?page_id=5"},"modified":"2020-11-15T23:25:59","modified_gmt":"2020-11-15T23:25:59","slug":"ihre-beratenden-dolmetscher-stahle-internationale-kommunikation-die-besondere-dolmetscher-agentur","status":"publish","type":"page","link":"https:\/\/staehle-international.de\/agentur\/","title":{"rendered":"Ihre Beratenden Dolmetscher<br \/>St\u00e4hle Internationale  Kommunikation \u2013<br \/>die besondere Dolmetscher-Agentur"},"content":{"rendered":"<ul>\n<li>Nur selber praktizierende Beratende Dolmetscher verf\u00fcgen \u00fcber den Szenen\u00fcberblick, der eine objektive, an den Zielen des Veranstalters orientierte Beratung m\u00f6glich macht.\n<ul>\n<li>Das Beratungs-Knowhow f\u00fcr das Engagieren und F\u00fchren von Simultandolmetschern, bis hin zu kompletten Teams, halten auch Gro\u00dfunternehmen intern nicht vor \u2013 aus gutem Grund\u2026<\/li>\n<\/ul>\n<\/li>\n<li>Der Beratende Dolmetscher \u2013 gelenkt durch die Interessen des Veranstalters und t\u00e4tig als Kollege der Simultandolmetscher. Seine Einschaltung ist auch wirtschaftlich die vern\u00fcnftige Alternative zum \u201eDurchwursteln\u201c.<\/li>\n<\/ul>\n<p><div style=\"display: none;\" class=\"te_div\" id=\"te611315809\"><strong>Erfahrung und Kompetenz \u2013 Sicherheit f\u00fcr Ihre Konferenz<\/strong><br \/>\nOb Simultandolmetscher f\u00fcr TV-Produktionen, Industrievorst\u00e4nde oder Spitzenverb\u00e4nde. Ob komplette Dolmetscher-Teams f\u00fcr Konferenzen und Pr\u00e4sentationen \u2013 wo h\u00f6chste Kompetenz und Professionalit\u00e4t gefordert sind, werden die Alternativen knapp. Dort sind die Besten gerade gut genug.<\/p>\n<p>Nutzen Sie die drei\u00dfigj\u00e4hrige Erfahrung und die Beratungskompetenz von St\u00e4hle Internationale Kommunikation, einem der ganz wenigen professionellen Beratungsb\u00fcros f\u00fcr mehrsprachige Konferenzen, die von praktizierenden Dolmetschern gef\u00fchrt werden.<\/p>\n<p><strong>Was der Beratende Dolmetscher f\u00fcr Sie leisten kann\u2026<\/strong><br \/>\nFreiberufliche Konferenzdolmetscher sind per definitionem Einzelk\u00e4mpfer. Je qualifizierter und also je gefragter sie sind, desto schwerer wird es f\u00fcr Sie als Veranstalter eines mehrsprachigen Anlasses, sie anders als per Anrufbeantworter oder in einer Flughafen-Lounge zu erreichen. In unserer zunehmend un\u00fcbersichtlichen \u201eSzene\u201c, auch bedr\u00e4ngt durch branchenfremde, am schnellen Profit orientierte Vermittler, arbeiten unsere freiberuflichen Kollegen am liebsten im direkten Kontakt mit ihren Kunden oder \u00fcber solche Kollegen, die ihnen als Beratende Dolmetscher Akquisition und Administration abnehmen.<\/p>\n<p>Etwa einhundert der besten von ihnen bilden den Pool von St\u00e4hle Internationale Kommunikation. Sie meiden generell die kommerziellen Agenturen oder gar \u201eImpresarios\u201c und stehen stattdessen lieber ihren beratend t\u00e4tigen Kollegen zur Verf\u00fcgung. Als bew\u00e4hrte und vertrauensw\u00fcrdige Makler stehen diese meistens besonders erfahrenen Profis im Idealfall in der Mitte zwischen ihren veranstaltenden Kunden und ihren dolmetschenden Kollegen. Dort, wo sie den Interessen und Priorit\u00e4ten beider Seiten am besten gerecht werden k\u00f6nnen.<\/p>\n<p>Durch die Einschaltung eines Beratenden Dolmetschers sichern Sie sich als Veranstalter bzw. Ausrichter die Unterst\u00fctzung durch erfahrene Profis \u2013 und damit einen Service, der mitunter erst nach Abschluss des Projekts in seinem ganzen Wert erkannt wird. Unsere langj\u00e4hrigen, treuen Kunden sehen gerade hierin einen Baustein f\u00fcr den Erfolg ihrer mehrsprachigen Veranstaltungen. Und betrachten die Arbeit mit uns auch aus wirtschaftlicher Sicht als gewinnbringend.<\/p>\n<p>Einem Beratenden Dolmetscher, der selbst mit beiden Beinen im Beruf steht, geht es eben nicht um optimale Margen, sondern um den optimalem \u201eMatch\u201c zwischen den Bed\u00fcrfnissen des Veranstalters und der Auswahl und Qualifikation der durch ihn eingesetzten Dolmetscher.<\/div><div class=\"more-text\"><a style=\"display: none;\" class=\"more-link\" id=\"te611315809\" href=\"javascript:expand('#te611315809')\">&gt; mehr<\/a><\/div>\n<script language=\"JavaScript\" type=\"text\/javascript\">expander_hide('#te611315809');<\/script><\/p>","protected":false},"excerpt":{"rendered":"<p><img decoding=\"async\" loading=\"lazy\" class=\"alignleft wp-image-133 size-medium\" src=\"https:\/\/staehle-international.de\/agentur\/files\/2017\/07\/B\u00fcro-Fest-Tisch-300x225.jpg\" alt=\"\" width=\"300\" height=\"225\" srcset=\"https:\/\/staehle-international.de\/agentur\/files\/2017\/07\/B\u00fcro-Fest-Tisch-300x225.jpg 300w, https:\/\/staehle-international.de\/agentur\/files\/2017\/07\/B\u00fcro-Fest-Tisch-111x83.jpg 111w, https:\/\/staehle-international.de\/agentur\/files\/2017\/07\/B\u00fcro-Fest-Tisch-768x576.jpg 768w, https:\/\/staehle-international.de\/agentur\/files\/2017\/07\/B\u00fcro-Fest-Tisch-1024x768.jpg 1024w, https:\/\/staehle-international.de\/agentur\/files\/2017\/07\/B\u00fcro-Fest-Tisch-400x300.jpg 400w\" sizes=\"(max-width: 300px) 100vw, 300px\" \/><\/p>\n<p>&nbsp;<\/p>\n<p><img decoding=\"async\" loading=\"lazy\" class=\"alignnone size-medium wp-image-11\" title=\"08-BeratendeDolmetscher3\" src=\"https:\/\/staehle-international.de\/agentur\/files\/2012\/03\/08-BeratendeDolmetscher3-300x211.jpg\" alt=\"\" width=\"300\" height=\"211\" srcset=\"https:\/\/staehle-international.de\/agentur\/files\/2012\/03\/08-BeratendeDolmetscher3-300x211.jpg 300w, https:\/\/staehle-international.de\/agentur\/files\/2012\/03\/08-BeratendeDolmetscher3-426x300.jpg 426w, https:\/\/staehle-international.de\/agentur\/files\/2012\/03\/08-BeratendeDolmetscher3.jpg 631w\" sizes=\"(max-width: 300px) 100vw, 300px\" \/><\/p>\n","protected":false},"author":3,"featured_media":0,"parent":0,"menu_order":0,"comment_status":"closed","ping_status":"closed","template":"","meta":{"ngg_post_thumbnail":0},"_links":{"self":[{"href":"https:\/\/staehle-international.de\/agentur\/wp-json\/wp\/v2\/pages\/5"}],"collection":[{"href":"https:\/\/staehle-international.de\/agentur\/wp-json\/wp\/v2\/pages"}],"about":[{"href":"https:\/\/staehle-international.de\/agentur\/wp-json\/wp\/v2\/types\/page"}],"author":[{"embeddable":true,"href":"https:\/\/staehle-international.de\/agentur\/wp-json\/wp\/v2\/users\/3"}],"replies":[{"embeddable":true,"href":"https:\/\/staehle-international.de\/agentur\/wp-json\/wp\/v2\/comments?post=5"}],"version-history":[{"count":0,"href":"https:\/\/staehle-international.de\/agentur\/wp-json\/wp\/v2\/pages\/5\/revisions"}],"wp:attachment":[{"href":"https:\/\/staehle-international.de\/agentur\/wp-json\/wp\/v2\/media?parent=5"}],"curies":[{"name":"wp","href":"https:\/\/api.w.org\/{rel}","templated":true}]}}