{"id":16,"date":"2012-03-12T17:37:06","date_gmt":"2012-03-12T17:37:06","guid":{"rendered":"http:\/\/staehle-international.de\/agentur\/?page_id=16"},"modified":"2020-11-15T23:33:47","modified_gmt":"2020-11-15T23:33:47","slug":"schriftliches-ubersetzen-ihre-ubersetzungs-boutique","status":"publish","type":"page","link":"https:\/\/staehle-international.de\/agentur\/schriftliches-ubersetzen-ihre-ubersetzungs-boutique\/","title":{"rendered":"Schriftliches \u00dcbersetzen<br \/>Ihre \u201e\u00dcbersetzungs-Boutique\u201c"},"content":{"rendered":"<ul>\n<li>Der Kampf um die Qualit\u00e4t ist beim \u00dcbersetzen von Massenware nur in Ausnahmef\u00e4llen zu gewinnen.\n<ul>\n<li>Auch wir haben selbst in den sogenannten exotischen Sprachen f\u00fcr jeden Text den richtigen \u00dcbersetzer f\u00fcr Sie. Und wir wissen, wovon wir reden.<\/li>\n<\/ul>\n<\/li>\n<li>So wird es niemanden wundern, dass wir notfalls Klimmz\u00fcge machen, um uns eine Auffassung vom \u00dcbersetzen zu bewahren, die mancher Beobachter ein wenig altmodisch finden mag.\n<ul>\n<li>Sie verstehen sicher, warum wir uns als Ihre \u201e\u00dcbersetzungs-Boutique\u201c definieren.<\/li>\n<\/ul>\n<\/li>\n<\/ul>\n<p><div style=\"display: none;\" class=\"te_div\" id=\"te1397044778\"><strong>\u00dcbernehmen Sie denn auch schriftliche \u00dcbersetzungen?<\/strong><br \/>\nAuch wir haben uns lange um Auftraggeber bem\u00fcht, die Texte \u201ewaschk\u00f6rbeweise\u201c zur \u00dcbersetzung in \u201ealle Sprachen \u2013 alle Fachgebiete\u201c vergeben. Dabei geht es meistens nur um den Preis und oft um die Stellen hinter dem Komma. Der Kampf um die Qualit\u00e4t ist bei dieser Art des \u00dcbersetzens nur in Ausnahmef\u00e4llen zu gewinnen. Auch haben EDV-Aspekte in Zeiten der maschinellen \u00dcbersetzungsprogramme sowie auch die weit verbreitete Praxis der \u201eLokalisierung\u201c das eigentliche \u00dcbersetzen l\u00e4ngst \u00fcberlagert und die \u00dcbersetzer zu Sklaven von Technik und Logistik gemacht.<\/p>\n<p><strong>Unsere etwas konservative Philosophie vom schriftlichen \u00dcbersetzen<\/strong><br \/>\nAuch wir haben selbst in den sogenannten exotischen Sprachen f\u00fcr jeden Text den richtigen \u00dcbersetzer f\u00fcr Sie. Und wir wissen, wovon wir reden. Das Skript f\u00fcr ARTE stellt andere Anforderungen als der Gesch\u00e4ftsbericht des DAX-Unternehmens. Und da auf die Dauer nicht der Preis, sondern die Qualit\u00e4t f\u00fcr Kundenbindung sorgt, herrscht bei uns ein strenges Vieraugenprinzip: keine \u00dcbersetzung verl\u00e4sst unlektoriert das Haus.<\/p>\n<p>J\u00fcrgen St\u00e4hle geh\u00f6rt zu denjenigen Simultandolmetschern, die von keinerlei D\u00fcnkel gegen\u00fcber dem schriftlichen \u00dcbersetzen verblendet sind. Im Gegenteil bedeutet diese Form der \u201eTranslation\u201c f\u00fcr ihn eine unverzichtbare Erg\u00e4nzung, wenn nicht gar die unabdingbare Vorstufe des Arbeitens in der Simultankabine (\u201eIch h\u00f6re es sofort, wenn ein junger Kollege nicht auch schriftlich \u00fcbersetzt\u201c). Denn: Nur die stundenlange, geduldige Arbeit am Schreibtisch kann den Sinn f\u00fcr Pr\u00e4zision bis ins letzte Detail vermitteln und die F\u00e4higkeit zur effizienten Recherche sch\u00e4rfen. Und das h\u00f6rt man dann auch in der Simultankabine.<\/p>\n<p>Halb ernsthaft, halb mit einem Augenzwinkern f\u00fcgt J\u00fcrgen St\u00e4hle hinzu: \u201eVon Zeit zu Zeit regt sich auch bei einem Simultandolmetscher das Bed\u00fcrfnis, in einer Modalit\u00e4t zu \u00fcbersetzen, bei der Ergebnis und Qualit\u00e4t seines M\u00fchens auch noch viel sp\u00e4ter jeder \u00dcberpr\u00fcfung standhalten m\u00fcssen \u2013 und k\u00f6nnen. Mehr zu der Kontroverse \u201a\u00dcbersetzer versus Dolmetscher\u2018 finden Sie auf unterhaltsame, literarisch aufbereitete Weise in dem ber\u00fchmten Roman \u201eMein Herz so wei\u00df\u201c des spanischen Erfolgsautors Javier Mar\u00edas.<\/p>\n<p>So wird es niemanden wundern, dass wir notfalls Klimmz\u00fcge machen, um uns eine Auffassung vom \u00dcbersetzen zu bewahren, die mancher Beobachter ein wenig altmodisch finden mag. Die aber dazu f\u00fchrt, dass Passion und Leidenschaft f\u00fcr unsere Arbeit wach bleiben anstatt hinter anderen Priorit\u00e4ten zur\u00fcck zu weichen. Und damit auch der Stolz und Ehrgeiz echter \u201eHandwerker\u201c, f\u00fcr die bei jedem einzelnen \u201eWerkst\u00fcck\u201c Kategorien wie Berufsehre und pers\u00f6nliche Verantwortung im Vordergrund stehen.<\/div><div class=\"more-text\"><a style=\"display: none;\" class=\"more-link\" id=\"te1397044778\" href=\"javascript:expand('#te1397044778')\">&gt; mehr<\/a><\/div>\n<script language=\"JavaScript\" type=\"text\/javascript\">expander_hide('#te1397044778');<\/script><\/p>","protected":false},"excerpt":{"rendered":"<p><img decoding=\"async\" loading=\"lazy\" class=\"alignleft size-medium wp-image-221\" src=\"https:\/\/staehle-international.de\/agentur\/files\/2020\/11\/uebersetzungs-boutique-02-300x211.jpg\" alt=\"\" width=\"300\" height=\"211\" srcset=\"https:\/\/staehle-international.de\/agentur\/files\/2020\/11\/uebersetzungs-boutique-02.jpg 300w, https:\/\/staehle-international.de\/agentur\/files\/2020\/11\/uebersetzungs-boutique-02-111x78.jpg 111w\" sizes=\"(max-width: 300px) 100vw, 300px\" \/><\/p>\n<p><img decoding=\"async\" loading=\"lazy\" class=\"alignnone size-medium wp-image-18\" title=\"10-BoutiqueDolmetscher2\" src=\"https:\/\/staehle-international.de\/agentur\/files\/2012\/03\/10-BoutiqueDolmetscher2-300x211.jpg\" alt=\"\" width=\"300\" height=\"211\" srcset=\"https:\/\/staehle-international.de\/agentur\/files\/2012\/03\/10-BoutiqueDolmetscher2-300x211.jpg 300w, https:\/\/staehle-international.de\/agentur\/files\/2012\/03\/10-BoutiqueDolmetscher2-111x78.jpg 111w, https:\/\/staehle-international.de\/agentur\/files\/2012\/03\/10-BoutiqueDolmetscher2-426x300.jpg 426w, https:\/\/staehle-international.de\/agentur\/files\/2012\/03\/10-BoutiqueDolmetscher2.jpg 631w\" sizes=\"(max-width: 300px) 100vw, 300px\" \/><\/p>\n","protected":false},"author":3,"featured_media":0,"parent":0,"menu_order":0,"comment_status":"closed","ping_status":"closed","template":"","meta":{"ngg_post_thumbnail":0},"_links":{"self":[{"href":"https:\/\/staehle-international.de\/agentur\/wp-json\/wp\/v2\/pages\/16"}],"collection":[{"href":"https:\/\/staehle-international.de\/agentur\/wp-json\/wp\/v2\/pages"}],"about":[{"href":"https:\/\/staehle-international.de\/agentur\/wp-json\/wp\/v2\/types\/page"}],"author":[{"embeddable":true,"href":"https:\/\/staehle-international.de\/agentur\/wp-json\/wp\/v2\/users\/3"}],"replies":[{"embeddable":true,"href":"https:\/\/staehle-international.de\/agentur\/wp-json\/wp\/v2\/comments?post=16"}],"version-history":[{"count":0,"href":"https:\/\/staehle-international.de\/agentur\/wp-json\/wp\/v2\/pages\/16\/revisions"}],"wp:attachment":[{"href":"https:\/\/staehle-international.de\/agentur\/wp-json\/wp\/v2\/media?parent=16"}],"curies":[{"name":"wp","href":"https:\/\/api.w.org\/{rel}","templated":true}]}}