{"id":141,"date":"2018-05-24T14:27:04","date_gmt":"2018-05-24T14:27:04","guid":{"rendered":"http:\/\/staehle-international.de\/agentur\/?page_id=141"},"modified":"2020-11-15T23:35:02","modified_gmt":"2020-11-15T23:35:02","slug":"datenschutzerklaerung","status":"publish","type":"page","link":"https:\/\/staehle-international.de\/agentur\/datenschutzerklaerung\/","title":{"rendered":"Datenschutzerkl\u00e4rung"},"content":{"rendered":"<p>&nbsp;<\/p>\n<p>Wir legen gro\u00dfen Wert auf den Schutz Ihrer Daten. Um Sie in vollem Umfang \u00fcber die Verwendung personenbezogener Daten zu informieren, bitten wir Sie die folgenden Datenschutzhinweise zur Kenntnis zu nehmen.<\/p>\n<h2>Pers\u00f6nliche Daten<\/h2>\n<p>Pers\u00f6nliche Daten, die Sie auf dieser Website elektronisch \u00fcbermitteln, wie zum Beispiel Name, E-Mail-Adresse, Adresse oder andere pers\u00f6nlichen Angaben, werden von uns nur zum jeweils angegebenen Zweck verwendet, sicher verwahrt und nicht an Dritte weitergegeben. Diese Daten werden bei der \u00dcbermittlung durch die sog. Secure Socket Layer-Technologie (SSL) verschl\u00fcsselt. Das bedeutet, dass die Kommunikation zwischen Ihrem Computer und unseren Servern unter Einsatz eines anerkannten Verschl\u00fcsselungsverfahrens erfolgt, wenn Ihr Browser SSL unterst\u00fctzt.<\/p>\n<p>Der Provider erhebt und speichert automatisch Informationen am Webserver wie verwendeter Browser, Betriebssystem, Verweisseite, IP-Adresse, Uhrzeit des Zugriffs usw. Diese Daten k\u00f6nnen ohne Pr\u00fcfung weiterer Datenquellen keinen bestimmten Personen zugeordnet werden und wir werten diese Daten auch nicht weiter aus solange keine rechtswidrige Nutzung unserer Webseite vorliegt.<\/p>\n<h3>Sicherheit<\/h3>\n<p>Wir treffen alle notwendigen technischen und organisatorischen Sicherheitsma\u00dfnahmen, um Ihre personenbezogenen Daten vor Verlust und Missbrauch zu sch\u00fctzen. So werden Ihre Daten in einer sicheren Betriebsumgebung gespeichert, die der \u00d6ffentlichkeit nicht zug\u00e4nglich ist. <!-- Daten werden auf dieser Seite bei der \u00dcbermittlung durch die sog. Secure Socket Layer-Technologie (SSL) verschl\u00fcsselt. Das bedeutet, dass die Kommunikation zwischen Ihrem Computer und unseren Servern unter Einsatz eines anerkannten Verschl\u00fcsselungsverfahrens erfolgt, wenn Ihr Browser SSL unterst\u00fctzt.--> Sollten Sie mit uns per E-Mail in Kontakt treten wollen, weisen wir darauf hin, dass die Vertraulichkeit der \u00fcbermittelten Informationen nicht gew\u00e4hrleistet ist. Der Inhalt von E-Mails kann von Dritten eingesehen werden. Wir empfehlen Ihnen daher, uns vertrauliche Informationen verschl\u00fcsselt zukommen zu lassen.<\/p>\n<h3>Server-Log-Files<\/h3>\n<p>Der Provider der Seiten erhebt und speichert automatisch Informationen in so genannten Server-Log Files, die Ihr Browser automatisch an uns \u00fcbermittelt. Dies sind:<\/p>\n<p>Browsertyp und Browserversion<br \/>\nverwendetes Betriebssystem<br \/>\nReferrer URL<br \/>\nHostname des zugreifenden Rechners<br \/>\nUhrzeit der Serveranfrage<\/p>\n<p>Diese Daten sind nicht bestimmten Personen zuordenbar. Eine Zusammenf\u00fchrung dieser Daten mit anderen Datenquellen wird nicht vorgenommen. Wir behalten uns vor, diese Daten nachtr\u00e4glich zu pr\u00fcfen, wenn uns konkrete Anhaltspunkte f\u00fcr eine rechtswidrige Nutzung bekannt werden.<\/p>\n<h3 id=\"heading_Ihre_Rechte\">Ihre Rechte<\/h3>\n<p>Ihnen stehen grunds\u00e4tzlich die Rechte auf Auskunft, Berichtigung, L\u00f6schung, Einschr\u00e4nkung, Daten\u00fcbertragbarkeit, Widerruf und Widerspruch zu. Wenn Sie glauben, dass die Verarbeitung Ihrer Daten gegen das Datenschutzrecht verst\u00f6\u00dft oder Ihre datenschutzrechtlichen Anspr\u00fcche sonst in einer Weise verletzt worden sind, k\u00f6nnen Sie sich bei der Aufsichtsbeh\u00f6rde beschweren. In \u00d6sterreich ist dies die Datenschutzbeh\u00f6rde.<\/p>\n<h3>Sie erreichen uns unter folgenden Kontaktdaten:<\/h3>\n<p>St\u00e4hle Internationale Kommunikation<br \/>\nJ\u00fcrgen St\u00e4hle<br \/>\nLudwig-Hofer-Strasse 3<br \/>\n70192 Stuttgart<br \/>\nTel.: +49 711 \/ 2 57 00-0<br \/>\nFax: +49 711 \/ 2 57 00-57<br \/>\n<a href=\"mailto:buero@staehle-international.com\">buero@staehle-international.com<\/a><\/p>\n<h3>\u00c4nderung dieser Datenschutzerkl\u00e4rung<\/h3>\n<p>Da diese Hinweise der jeweils aktuellen Rechtslage unterliegen, behalten wir uns vor, diese Datenschutzerkl\u00e4rung k\u00fcnftig entsprechend zu \u00e4ndern. Wir empfehlen Ihnen, diese Datenschutzbestimmungen regelm\u00e4\u00dfig zu lesen, um \u00fcber den Schutz der von uns erfassten Daten auf dem Laufenden zu bleiben. Durch die fortgesetzte Nutzung dieser Websites bzw. durch eine aufrechte Gesch\u00e4ftsbeziehung erkl\u00e4ren Sie sich mit diesen Datenschutzbestimmungen und deren Aktualit\u00e4t einverstanden.<\/p>","protected":false},"excerpt":{"rendered":"<p>&nbsp; Wir legen gro\u00dfen Wert auf den Schutz Ihrer Daten. Um Sie in vollem Umfang \u00fcber die Verwendung personenbezogener Daten zu informieren, bitten wir Sie die folgenden Datenschutzhinweise zur Kenntnis zu nehmen. Pers\u00f6nliche Daten Pers\u00f6nliche Daten, die Sie auf dieser[&#8230;..]<\/p>\n","protected":false},"author":3,"featured_media":0,"parent":0,"menu_order":0,"comment_status":"closed","ping_status":"closed","template":"","meta":{"ngg_post_thumbnail":0},"_links":{"self":[{"href":"https:\/\/staehle-international.de\/agentur\/wp-json\/wp\/v2\/pages\/141"}],"collection":[{"href":"https:\/\/staehle-international.de\/agentur\/wp-json\/wp\/v2\/pages"}],"about":[{"href":"https:\/\/staehle-international.de\/agentur\/wp-json\/wp\/v2\/types\/page"}],"author":[{"embeddable":true,"href":"https:\/\/staehle-international.de\/agentur\/wp-json\/wp\/v2\/users\/3"}],"replies":[{"embeddable":true,"href":"https:\/\/staehle-international.de\/agentur\/wp-json\/wp\/v2\/comments?post=141"}],"version-history":[{"count":0,"href":"https:\/\/staehle-international.de\/agentur\/wp-json\/wp\/v2\/pages\/141\/revisions"}],"wp:attachment":[{"href":"https:\/\/staehle-international.de\/agentur\/wp-json\/wp\/v2\/media?parent=141"}],"curies":[{"name":"wp","href":"https:\/\/api.w.org\/{rel}","templated":true}]}}