{"id":12,"date":"2012-03-12T17:31:36","date_gmt":"2012-03-12T17:31:36","guid":{"rendered":"http:\/\/staehle-international.de\/agentur\/?page_id=12"},"modified":"2020-11-15T23:26:22","modified_gmt":"2020-11-15T23:26:22","slug":"arbeitsweise-der-dolmetscher-agentur-und-umfang-unseres-serviceangebots","status":"publish","type":"page","link":"https:\/\/staehle-international.de\/agentur\/arbeitsweise-der-dolmetscher-agentur-und-umfang-unseres-serviceangebots\/","title":{"rendered":"Arbeitsweise der Dolmetscher-Agentur<BR \/>und Umfang unseres Serviceangebots"},"content":{"rendered":"<ul>\n<li>In dem professionellen Beratungsb\u00fcro eines langj\u00e4hrig eingef\u00fchrten, bestens vernetzten Simultandolmetschers laufen alle F\u00e4den zusammen.\n<ul>\n<li>Nicht jeder unserer Kunden ben\u00f6tigt Simultandolmetscher f\u00fcr eine live-Sendung, f\u00fcr Markus Lanz, Thomas Gottschalk oder die vielen Sportsendungen, f\u00fcr die wir die Dolmetscher engagieren.<\/li>\n<\/ul>\n<\/li>\n<li>Mehrsprachige Konferenzen, bilaterale Verhandlungen, internationale Produktpr\u00e4sentationen. Aufsichtsr\u00e4te und Hauptversammlungen: Hier liegen die zentralen Einsatzgebiete f\u00fcr Simultandolmetscher.\n<ul>\n<li>Beratungs-Knowhow und ein kompetentes Team = optimale Auswahl Ihrer Dolmetscher. Der Verhandlungsdolmetscher f\u00fcr das vertrauliche Gespr\u00e4ch oder das ganze Team f\u00fcr Ihre Simultankonferenz \u2013 wir wissen, wer f\u00fcr welchen Einsatz und zu welchen Konditionen verf\u00fcgbar ist.<\/li>\n<\/ul>\n<\/li>\n<li>So k\u00f6nnen Sie Ihre mehrsprachige Kommunikation schon fr\u00fchzeitig abhaken \u2013 Und sich schon vor Ihrer Veranstaltung ein wenig zur\u00fccklehnen.<\/li>\n<\/ul>\n<p><div style=\"display: none;\" class=\"te_div\" id=\"te79067081\">In dem professionellen Beratungsb\u00fcro eines langj\u00e4hrig eingef\u00fchrten und bestens vernetzten Simultandolmetschers laufen alle F\u00e4den zusammen. Unsere B\u00fcroleiterin Carmen Sch\u00e4fer und ihre langj\u00e4hrige Kollegin Inge P\u00f6nitz sind f\u00fcr Sie jederzeit erreichbar. Kompetent und entscheidungssicher. Sie kalkulieren Ihr Projekt von A bis Z und sagen Ihnen sofort, welche Dolmetscher f\u00fcr welche Fachgebiete und zu welchen Konditionen einsetzbar und verf\u00fcgbar sind.<\/p>\n<p>Nicht jeder unserer Kunden ben\u00f6tigt Simultandolmetscher f\u00fcr eine live-Sendung im Fernsehen, f\u00fcr Markus Lanz, Thomas Gottschalk oder eine der zahlreichen Sportsendungen, f\u00fcr die wir die Dolmetscher engagieren.<\/p>\n<p>Ob internationale Konferenz, bilaterale Verhandlung oder Produktpr\u00e4sentation f\u00fcr den weltweiten Vertrieb \u2013 ob Aufsichtsrat oder Hauptversammlung: hier liegen nach wie vor die wichtigsten Einsatzgebiete f\u00fcr Simultandolmetscher.<\/p>\n<p>Unser Beratungs-Knowhow und unsere eigene berufliche Erfahrung bieten Ihnen die Gew\u00e4hr f\u00fcr die optimale Auswahl Ihrer Dolmetscher. Ob einen Verhandlungsdolmetscher f\u00fcr das vertrauliche Gespr\u00e4ch oder ein ganzes Team f\u00fcr Ihre Simultankonferenz \u2013 wir wissen, wer f\u00fcr welchen Einsatz und zu welchen Konditionen verf\u00fcgbar ist. Wir kennen die Kompetenzen und die St\u00e4rken unserer Kollegen. Und wir sagen Ihnen, wer durch seinen Einsatz welche Kosten verursacht, und welche wirtschaftlichen Alternativen sich bieten.<\/p>\n<p>\u2013 Von der ersten Planung bis zur abschlie\u00dfenden Projektabrechnung<br \/>\n\u2013 von der Bedarfsanalyse bis zur Verpflichtung der Dolmetscher<br \/>\n\u2013 von der Vorbereitung der Dolmetscher mit Unterlagen, Glossaren und&nbsp;&nbsp;&nbsp; &nbsp;&nbsp;&nbsp;Fachliteratur bis zur Koordinierung des Einsatzes vor Ort.<\/p>\n<p>\u00dcbrigens: auch das laufende Sichten des Nachwuchses und die behutsame Einf\u00fchrung j\u00fcngerer Kollegen in unsere Kreise geh\u00f6ren zu unserem Selbstverst\u00e4ndnis \u2013 Aufgaben, f\u00fcr die gerade unseren erfolgreichsten Kollegen in der Hektik des Alltags die Zeit fehlt.<\/p>\n<p>Da wir Sie als Ausrichter in allen Aspekten Ihrer Konferenz beraten m\u00f6chten, reden Sie mit uns auch \u00fcber das bestgeeignete Dolmetschverfahren und die notwendige Simultantechnik.<\/p>\n<p>So k\u00f6nnen Sie Ihre mehrsprachige Kommunikation schon fr\u00fchzeitig abhaken \u2013 und sich schon vor Ihrer Veranstaltung ein wenig zur\u00fccklehnen.<\/div><div class=\"more-text\"><a style=\"display: none;\" class=\"more-link\" id=\"te79067081\" href=\"javascript:expand('#te79067081')\">&gt; mehr<\/a><\/div>\n<script language=\"JavaScript\" type=\"text\/javascript\">expander_hide('#te79067081');<\/script><\/p>","protected":false},"excerpt":{"rendered":"<p><img decoding=\"async\" loading=\"lazy\" class=\"alignnone size-medium wp-image-13\" title=\"09-ArbeitsweiseDolmetscher1\" src=\"https:\/\/staehle-international.de\/agentur\/files\/2012\/03\/09-ArbeitsweiseDolmetscher1-300x211.jpg\" alt=\"\" width=\"300\" height=\"211\" srcset=\"https:\/\/staehle-international.de\/agentur\/files\/2012\/03\/09-ArbeitsweiseDolmetscher1-300x211.jpg 300w, https:\/\/staehle-international.de\/agentur\/files\/2012\/03\/09-ArbeitsweiseDolmetscher1-111x78.jpg 111w, https:\/\/staehle-international.de\/agentur\/files\/2012\/03\/09-ArbeitsweiseDolmetscher1-426x300.jpg 426w, https:\/\/staehle-international.de\/agentur\/files\/2012\/03\/09-ArbeitsweiseDolmetscher1.jpg 631w\" sizes=\"(max-width: 300px) 100vw, 300px\" \/><\/p>\n<p><img decoding=\"async\" loading=\"lazy\" class=\"alignnone size-medium wp-image-14\" title=\"09-ArbeitsweiseDolmetscher2\" src=\"https:\/\/staehle-international.de\/agentur\/files\/2012\/03\/09-ArbeitsweiseDolmetscher2-300x211.jpg\" alt=\"\" width=\"300\" height=\"211\" srcset=\"https:\/\/staehle-international.de\/agentur\/files\/2012\/03\/09-ArbeitsweiseDolmetscher2-300x211.jpg 300w, https:\/\/staehle-international.de\/agentur\/files\/2012\/03\/09-ArbeitsweiseDolmetscher2-111x78.jpg 111w, https:\/\/staehle-international.de\/agentur\/files\/2012\/03\/09-ArbeitsweiseDolmetscher2-426x300.jpg 426w, https:\/\/staehle-international.de\/agentur\/files\/2012\/03\/09-ArbeitsweiseDolmetscher2.jpg 631w\" sizes=\"(max-width: 300px) 100vw, 300px\" \/><\/p>\n<p>&nbsp;<\/p>\n","protected":false},"author":3,"featured_media":0,"parent":0,"menu_order":0,"comment_status":"closed","ping_status":"closed","template":"","meta":{"ngg_post_thumbnail":0},"_links":{"self":[{"href":"https:\/\/staehle-international.de\/agentur\/wp-json\/wp\/v2\/pages\/12"}],"collection":[{"href":"https:\/\/staehle-international.de\/agentur\/wp-json\/wp\/v2\/pages"}],"about":[{"href":"https:\/\/staehle-international.de\/agentur\/wp-json\/wp\/v2\/types\/page"}],"author":[{"embeddable":true,"href":"https:\/\/staehle-international.de\/agentur\/wp-json\/wp\/v2\/users\/3"}],"replies":[{"embeddable":true,"href":"https:\/\/staehle-international.de\/agentur\/wp-json\/wp\/v2\/comments?post=12"}],"version-history":[{"count":0,"href":"https:\/\/staehle-international.de\/agentur\/wp-json\/wp\/v2\/pages\/12\/revisions"}],"wp:attachment":[{"href":"https:\/\/staehle-international.de\/agentur\/wp-json\/wp\/v2\/media?parent=12"}],"curies":[{"name":"wp","href":"https:\/\/api.w.org\/{rel}","templated":true}]}}